{"id":1991,"date":"2021-02-19T16:12:51","date_gmt":"2021-02-19T16:12:51","guid":{"rendered":"https:\/\/hypnoticoaching.com\/?page_id=1991"},"modified":"2025-10-23T20:47:01","modified_gmt":"2025-10-23T20:47:01","slug":"consultation-forms","status":"publish","type":"page","link":"https:\/\/hypnoticoaching.com\/ro\/consultation-forms\/","title":{"rendered":"formularele de consultatie"},"content":{"rendered":"<div data-elementor-type=\"wp-page\" data-elementor-id=\"1991\" class=\"elementor elementor-1991\" data-elementor-settings=\"[]\">\n\t\t\t\t\t\t<div class=\"elementor-inner\">\n\t\t\t\t\t\t\t<div class=\"elementor-section-wrap\">\n\t\t\t\t\t\t\t<section class=\"elementor-section elementor-top-section elementor-element elementor-element-a900b2f elementor-section-boxed elementor-section-height-default elementor-section-height-default\" data-id=\"a900b2f\" data-element_type=\"section\" data-settings=\"{&quot;background_background&quot;:&quot;gradient&quot;}\">\n\t\t\t\t\t\t<div class=\"elementor-container elementor-column-gap-default\">\n\t\t\t\t\t\t\t<div class=\"elementor-row\">\n\t\t\t\t\t<div class=\"elementor-column elementor-col-100 elementor-top-column elementor-element elementor-element-4bd42be\" data-id=\"4bd42be\" data-element_type=\"column\">\n\t\t\t<div class=\"elementor-column-wrap elementor-element-populated\">\n\t\t\t\t\t\t\t<div class=\"elementor-widget-wrap\">\n\t\t\t\t\t\t<div class=\"elementor-element elementor-element-27e7b0b elementor-widget elementor-widget-spacer\" data-id=\"27e7b0b\" data-element_type=\"widget\" data-widget_type=\"spacer.default\">\n\t\t\t\t<div class=\"elementor-widget-container\">\n\t\t\t\t\t<div class=\"elementor-spacer\">\n\t\t\t<div class=\"elementor-spacer-inner\"><\/div>\n\t\t<\/div>\n\t\t\t\t<\/div>\n\t\t\t\t<\/div>\n\t\t\t\t<div class=\"elementor-element elementor-element-2397109 elementor-widget elementor-widget-text-editor\" data-id=\"2397109\" data-element_type=\"widget\" data-widget_type=\"text-editor.default\">\n\t\t\t\t<div class=\"elementor-widget-container\">\n\t\t\t\t\t<div class=\"elementor-text-editor elementor-clearfix\"><p>V\u0103 rug\u0103m s\u0103 completa\u021bi formularele \u0219i s\u0103 le trimite\u021bi cu cel pu\u021bin o zi \u00eenainte de programarea noastr\u0103!<\/p><p>De abia astept sa ne cunoastem!<\/p><\/div>\n\t\t\t\t<\/div>\n\t\t\t\t<\/div>\n\t\t\t\t<div class=\"elementor-element elementor-element-6e137da elementor-widget elementor-widget-spacer\" data-id=\"6e137da\" data-element_type=\"widget\" data-widget_type=\"spacer.default\">\n\t\t\t\t<div class=\"elementor-widget-container\">\n\t\t\t\t\t<div class=\"elementor-spacer\">\n\t\t\t<div class=\"elementor-spacer-inner\"><\/div>\n\t\t<\/div>\n\t\t\t\t<\/div>\n\t\t\t\t<\/div>\n\t\t\t\t<section class=\"elementor-section elementor-inner-section elementor-element elementor-element-9b19903 elementor-section-boxed elementor-section-height-default elementor-section-height-default\" data-id=\"9b19903\" data-element_type=\"section\">\n\t\t\t\t\t\t<div class=\"elementor-container elementor-column-gap-extended\">\n\t\t\t\t\t\t\t<div class=\"elementor-row\">\n\t\t\t\t\t<div class=\"elementor-column elementor-col-50 elementor-inner-column elementor-element elementor-element-be4abf6\" data-id=\"be4abf6\" data-element_type=\"column\">\n\t\t\t<div class=\"elementor-column-wrap elementor-element-populated\">\n\t\t\t\t\t\t\t<div class=\"elementor-widget-wrap\">\n\t\t\t\t\t\t<div class=\"elementor-element elementor-element-2a08b4e elementor-widget elementor-widget-image\" data-id=\"2a08b4e\" data-element_type=\"widget\" data-widget_type=\"image.default\">\n\t\t\t\t<div class=\"elementor-widget-container\">\n\t\t\t\t\t<div class=\"elementor-image\">\n\t\t\t\t\t\t\t\t\t\t<img decoding=\"async\" width=\"768\" height=\"768\" src=\"https:\/\/hypnoticoaching.com\/wp-content\/uploads\/2025\/10\/Untitled-design-56-768x768.png\" class=\"attachment-medium_large size-medium_large\" alt=\"\" srcset=\"https:\/\/hypnoticoaching.com\/wp-content\/uploads\/2025\/10\/Untitled-design-56-768x768.png 768w, https:\/\/hypnoticoaching.com\/wp-content\/uploads\/2025\/10\/Untitled-design-56-300x300.png 300w, https:\/\/hypnoticoaching.com\/wp-content\/uploads\/2025\/10\/Untitled-design-56-1024x1024.png 1024w, https:\/\/hypnoticoaching.com\/wp-content\/uploads\/2025\/10\/Untitled-design-56-150x150.png 150w, https:\/\/hypnoticoaching.com\/wp-content\/uploads\/2025\/10\/Untitled-design-56-12x12.png 12w, https:\/\/hypnoticoaching.com\/wp-content\/uploads\/2025\/10\/Untitled-design-56-75x75.png 75w, https:\/\/hypnoticoaching.com\/wp-content\/uploads\/2025\/10\/Untitled-design-56-600x600.png 600w, https:\/\/hypnoticoaching.com\/wp-content\/uploads\/2025\/10\/Untitled-design-56-800x800.png 800w, https:\/\/hypnoticoaching.com\/wp-content\/uploads\/2025\/10\/Untitled-design-56-100x100.png 100w, https:\/\/hypnoticoaching.com\/wp-content\/uploads\/2025\/10\/Untitled-design-56.png 1080w\" sizes=\"(max-width: 768px) 100vw, 768px\" \/>\t\t\t\t\t\t\t\t\t\t\t<\/div>\n\t\t\t\t<\/div>\n\t\t\t\t<\/div>\n\t\t\t\t<div class=\"elementor-element elementor-element-fca7502 elementor-widget elementor-widget-text-editor\" data-id=\"fca7502\" data-element_type=\"widget\" data-widget_type=\"text-editor.default\">\n\t\t\t\t<div class=\"elementor-widget-container\">\n\t\t\t\t\t<div class=\"elementor-text-editor elementor-clearfix\"><p>Pentru formularul sedintelor de hipnoz\u0103, ap\u0103sa\u021bi pe link-ul de mai jos:<\/p><p><strong><a href=\"https:\/\/hypnoticoaching.com\/ro\/consultation-form-hypnosis\/\" target=\"_blank\" rel=\"noopener\">Formular de consultatie - Hipnoza<\/a><\/strong><\/p><\/div>\n\t\t\t\t<\/div>\n\t\t\t\t<\/div>\n\t\t\t\t\t\t<\/div>\n\t\t\t\t\t<\/div>\n\t\t<\/div>\n\t\t\t\t<div class=\"elementor-column elementor-col-50 elementor-inner-column elementor-element elementor-element-8636809\" data-id=\"8636809\" data-element_type=\"column\">\n\t\t\t<div class=\"elementor-column-wrap elementor-element-populated\">\n\t\t\t\t\t\t\t<div class=\"elementor-widget-wrap\">\n\t\t\t\t\t\t<div class=\"elementor-element elementor-element-61dd7e8 elementor-widget elementor-widget-image\" data-id=\"61dd7e8\" data-element_type=\"widget\" data-widget_type=\"image.default\">\n\t\t\t\t<div class=\"elementor-widget-container\">\n\t\t\t\t\t<div class=\"elementor-image\">\n\t\t\t\t\t\t\t\t\t\t<img decoding=\"async\" width=\"768\" height=\"768\" src=\"https:\/\/hypnoticoaching.com\/wp-content\/uploads\/2025\/10\/Untitled-design-55-768x768.png\" class=\"attachment-medium_large size-medium_large\" alt=\"\" srcset=\"https:\/\/hypnoticoaching.com\/wp-content\/uploads\/2025\/10\/Untitled-design-55-768x768.png 768w, https:\/\/hypnoticoaching.com\/wp-content\/uploads\/2025\/10\/Untitled-design-55-300x300.png 300w, https:\/\/hypnoticoaching.com\/wp-content\/uploads\/2025\/10\/Untitled-design-55-1024x1024.png 1024w, https:\/\/hypnoticoaching.com\/wp-content\/uploads\/2025\/10\/Untitled-design-55-150x150.png 150w, https:\/\/hypnoticoaching.com\/wp-content\/uploads\/2025\/10\/Untitled-design-55-12x12.png 12w, https:\/\/hypnoticoaching.com\/wp-content\/uploads\/2025\/10\/Untitled-design-55-75x75.png 75w, https:\/\/hypnoticoaching.com\/wp-content\/uploads\/2025\/10\/Untitled-design-55-600x600.png 600w, https:\/\/hypnoticoaching.com\/wp-content\/uploads\/2025\/10\/Untitled-design-55-800x800.png 800w, https:\/\/hypnoticoaching.com\/wp-content\/uploads\/2025\/10\/Untitled-design-55-100x100.png 100w, https:\/\/hypnoticoaching.com\/wp-content\/uploads\/2025\/10\/Untitled-design-55.png 1080w\" sizes=\"(max-width: 768px) 100vw, 768px\" \/>\t\t\t\t\t\t\t\t\t\t\t<\/div>\n\t\t\t\t<\/div>\n\t\t\t\t<\/div>\n\t\t\t\t<div class=\"elementor-element elementor-element-6b26702 elementor-widget elementor-widget-text-editor\" data-id=\"6b26702\" data-element_type=\"widget\" data-widget_type=\"text-editor.default\">\n\t\t\t\t<div class=\"elementor-widget-container\">\n\t\t\t\t\t<div class=\"elementor-text-editor elementor-clearfix\"><p>Pentru formularul sedintelor de Coaching Spiritual, ap\u0103sa\u021bi pe link-ul de mai jos:<\/p><p><strong><a href=\"https:\/\/hypnoticoaching.com\/ro\/consultation-form-coaching\/\" target=\"_blank\" rel=\"noopener\">Formular de consultatie - Coaching<\/a><\/strong><\/p><\/div>\n\t\t\t\t<\/div>\n\t\t\t\t<\/div>\n\t\t\t\t\t\t<\/div>\n\t\t\t\t\t<\/div>\n\t\t<\/div>\n\t\t\t\t\t\t\t\t<\/div>\n\t\t\t\t\t<\/div>\n\t\t<\/section>\n\t\t\t\t<div class=\"elementor-element elementor-element-a79bc0d elementor-widget elementor-widget-spacer\" data-id=\"a79bc0d\" data-element_type=\"widget\" data-widget_type=\"spacer.default\">\n\t\t\t\t<div class=\"elementor-widget-container\">\n\t\t\t\t\t<div class=\"elementor-spacer\">\n\t\t\t<div class=\"elementor-spacer-inner\"><\/div>\n\t\t<\/div>\n\t\t\t\t<\/div>\n\t\t\t\t<\/div>\n\t\t\t\t<div class=\"elementor-element elementor-element-d6d612b elementor-widget elementor-widget-spacer\" data-id=\"d6d612b\" data-element_type=\"widget\" data-widget_type=\"spacer.default\">\n\t\t\t\t<div class=\"elementor-widget-container\">\n\t\t\t\t\t<div class=\"elementor-spacer\">\n\t\t\t<div class=\"elementor-spacer-inner\"><\/div>\n\t\t<\/div>\n\t\t\t\t<\/div>\n\t\t\t\t<\/div>\n\t\t\t\t\t\t<\/div>\n\t\t\t\t\t<\/div>\n\t\t<\/div>\n\t\t\t\t\t\t\t\t<\/div>\n\t\t\t\t\t<\/div>\n\t\t<\/section>\n\t\t\t\t\t\t<\/div>\n\t\t\t\t\t\t<\/div>\n\t\t\t\t\t<\/div>","protected":false},"excerpt":{"rendered":"<p>Please fill in the forms and submit them at least one day prior our appointment! Looking forward to meeting you! For the Hypnosis Sessions Form, press on the link below: Consultation Form \u2013 Hypnosis For the Coaching Sessions Form, press on the link below: Consultation Form \u2013 Coaching<\/p>","protected":false},"author":1,"featured_media":0,"parent":0,"menu_order":0,"comment_status":"closed","ping_status":"closed","template":"","meta":{"footnotes":""},"class_list":["post-1991","page","type-page","status-publish","hentry"],"_links":{"self":[{"href":"https:\/\/hypnoticoaching.com\/ro\/wp-json\/wp\/v2\/pages\/1991","targetHints":{"allow":["GET"]}}],"collection":[{"href":"https:\/\/hypnoticoaching.com\/ro\/wp-json\/wp\/v2\/pages"}],"about":[{"href":"https:\/\/hypnoticoaching.com\/ro\/wp-json\/wp\/v2\/types\/page"}],"author":[{"embeddable":true,"href":"https:\/\/hypnoticoaching.com\/ro\/wp-json\/wp\/v2\/users\/1"}],"replies":[{"embeddable":true,"href":"https:\/\/hypnoticoaching.com\/ro\/wp-json\/wp\/v2\/comments?post=1991"}],"version-history":[{"count":43,"href":"https:\/\/hypnoticoaching.com\/ro\/wp-json\/wp\/v2\/pages\/1991\/revisions"}],"predecessor-version":[{"id":5142,"href":"https:\/\/hypnoticoaching.com\/ro\/wp-json\/wp\/v2\/pages\/1991\/revisions\/5142"}],"wp:attachment":[{"href":"https:\/\/hypnoticoaching.com\/ro\/wp-json\/wp\/v2\/media?parent=1991"}],"curies":[{"name":"wp","href":"https:\/\/api.w.org\/{rel}","templated":true}]}}