{"id":195,"date":"2020-11-19T20:21:42","date_gmt":"2020-11-19T20:21:42","guid":{"rendered":"https:\/\/hypnoticoaching.com\/?page_id=195"},"modified":"2026-04-28T14:05:22","modified_gmt":"2026-04-28T14:05:22","slug":"about","status":"publish","type":"page","link":"https:\/\/hypnoticoaching.com\/ro\/about\/","title":{"rendered":"Cine Sunt?"},"content":{"rendered":"<div data-elementor-type=\"wp-page\" data-elementor-id=\"195\" class=\"elementor elementor-195\" data-elementor-settings=\"[]\">\n\t\t\t\t\t\t<div class=\"elementor-inner\">\n\t\t\t\t\t\t\t<div class=\"elementor-section-wrap\">\n\t\t\t\t\t\t\t<section class=\"elementor-section elementor-top-section elementor-element elementor-element-161e2404 elementor-section-height-min-height elementor-section-boxed elementor-section-height-default elementor-section-items-middle\" data-id=\"161e2404\" data-element_type=\"section\" data-settings=\"{&quot;background_background&quot;:&quot;gradient&quot;}\">\n\t\t\t\t\t\t<div class=\"elementor-container elementor-column-gap-narrow\">\n\t\t\t\t\t\t\t<div class=\"elementor-row\">\n\t\t\t\t\t<div class=\"elementor-column elementor-col-100 elementor-top-column elementor-element elementor-element-2f7db943\" data-id=\"2f7db943\" data-element_type=\"column\">\n\t\t\t<div class=\"elementor-column-wrap elementor-element-populated\">\n\t\t\t\t\t\t\t<div class=\"elementor-widget-wrap\">\n\t\t\t\t\t\t<div class=\"elementor-element elementor-element-19bfcd2 elementor-widget elementor-widget-spacer\" data-id=\"19bfcd2\" data-element_type=\"widget\" data-widget_type=\"spacer.default\">\n\t\t\t\t<div class=\"elementor-widget-container\">\n\t\t\t\t\t<div class=\"elementor-spacer\">\n\t\t\t<div class=\"elementor-spacer-inner\"><\/div>\n\t\t<\/div>\n\t\t\t\t<\/div>\n\t\t\t\t<\/div>\n\t\t\t\t<div class=\"elementor-element elementor-element-d81b6fa elementor-widget elementor-widget-spacer\" data-id=\"d81b6fa\" data-element_type=\"widget\" data-widget_type=\"spacer.default\">\n\t\t\t\t<div class=\"elementor-widget-container\">\n\t\t\t\t\t<div class=\"elementor-spacer\">\n\t\t\t<div class=\"elementor-spacer-inner\"><\/div>\n\t\t<\/div>\n\t\t\t\t<\/div>\n\t\t\t\t<\/div>\n\t\t\t\t<div class=\"elementor-element elementor-element-2fb8c2f3 elementor-widget elementor-widget-text-editor\" data-id=\"2fb8c2f3\" data-element_type=\"widget\" data-widget_type=\"text-editor.default\">\n\t\t\t\t<div class=\"elementor-widget-container\">\n\t\t\t\t\t<div class=\"elementor-text-editor elementor-clearfix\"><div class=\"wp-block-media-text alignfull is-stacked-on-mobile is-vertically-aligned-center\" style=\"grid-template-columns: 48% auto;\">\n<figure class=\"wp-block-media-text__media\"><img decoding=\"async\" class=\"alignleft wp-image-4785 size-full\" src=\"https:\/\/hypnoticoaching.com\/wp-content\/uploads\/2025\/10\/profile-pic-21-20250813_19324_EDITED02-221.jpg\" alt=\"\" width=\"1704\" height=\"2252\" srcset=\"https:\/\/hypnoticoaching.com\/wp-content\/uploads\/2025\/10\/profile-pic-21-20250813_19324_EDITED02-221.jpg 1704w, https:\/\/hypnoticoaching.com\/wp-content\/uploads\/2025\/10\/profile-pic-21-20250813_19324_EDITED02-221-227x300.jpg 227w, https:\/\/hypnoticoaching.com\/wp-content\/uploads\/2025\/10\/profile-pic-21-20250813_19324_EDITED02-221-775x1024.jpg 775w, https:\/\/hypnoticoaching.com\/wp-content\/uploads\/2025\/10\/profile-pic-21-20250813_19324_EDITED02-221-768x1015.jpg 768w, https:\/\/hypnoticoaching.com\/wp-content\/uploads\/2025\/10\/profile-pic-21-20250813_19324_EDITED02-221-1162x1536.jpg 1162w, https:\/\/hypnoticoaching.com\/wp-content\/uploads\/2025\/10\/profile-pic-21-20250813_19324_EDITED02-221-1550x2048.jpg 1550w, https:\/\/hypnoticoaching.com\/wp-content\/uploads\/2025\/10\/profile-pic-21-20250813_19324_EDITED02-221-9x12.jpg 9w, https:\/\/hypnoticoaching.com\/wp-content\/uploads\/2025\/10\/profile-pic-21-20250813_19324_EDITED02-221-800x1057.jpg 800w\" sizes=\"(max-width: 1704px) 100vw, 1704px\" \/><\/figure>\n<div class=\"wp-block-media-text__content\">\n<p class=\"has-large-font-size\">\u00a0<\/p>\n<p><!-- \/wp:paragraph --><\/p>\n<p><!-- wp:paragraph {\"style\":{\"typography\":{\"fontSize\":17}}} --><\/p>\n<p>Bun\u0103! Bine ai venit \u00een spa\u021biul meu virtual! Sunt Iulia, coach spiritual, hipnoterapeut \u0219i exploratoare etern\u0103 a inimii \u0219i min\u021bii umane. M\u0103 bucur enorm c\u0103 ai ajuns aici (nu cred \u00een coinciden\u021be, tu crezi?)<\/p>\n<p>Over the years, I\u2019ve gathered tools from many paths, psychology, coaching, astrology, and hypnotherapy,\u00a0 blending them with the wisdom life itself has offered me. After studying psychology for four years and continuing to train in various transformational methods, I\u2019ve developed an approach that helps people reconnect with themselves, rediscover their inner peace, and move forward feeling lighter, freer, and more aligned.<\/p>\n<p>\u0218edin\u021bele mele sunt departe de a fi \u201eacelea\u0219i pentru toat\u0103 lumea\u201d. Cred c\u0103 fiecare persoan\u0103 are propriul s\u0103u ritm \u0219i propriul limbaj al vindec\u0103rii, a\u0219a c\u0103 adaptez fiecare experien\u021b\u0103 pentru a se potrivi \u00een mod unic fiec\u0103ruia. <strong>.<\/strong>\u00cempreun\u0103, putem folosi hipnoza, vizualiz\u0103rile ghidate, instrumente din psihologia pozitiv\u0103, tehnici de eliberare emo\u021bional\u0103 (precum EFT), explorarea copilului interior sau a umbrei, decodificarea viselor, mindfulness sau alte metode care deschid poarta c\u0103tre o transformare profund\u0103.<\/p>\n<p data-start=\"1220\" data-end=\"1465\">Hipnoza, \u00een special, este unul dintre instrumentele mele preferate \u2014 este bl\u00e2nd\u0103, puternic\u0103 \u0219i adesea func\u021bioneaz\u0103 mai repede dec\u00e2t se a\u0219teapt\u0103 oamenii. G\u00e2nde\u0219te-te la ea ca la un \u201erefresh\u201d al set\u0103rilor subcon\u0219tientului t\u0103u, astfel \u00eenc\u00e2t mintea ta s\u0103 poat\u0103, \u00een sf\u00e2r\u0219it, func\u021biona \u00een armonie cu tine <strong><em data-start=\"1435\" data-end=\"1441\">,<\/em><\/strong> nu impotriva ta.<\/p>\n<p data-start=\"1467\" data-end=\"1843\">\u00cenainte de a m\u0103 dedica coachingului, am petrecut ani \u00eentregi c\u0103l\u0103torind prin lume ca artist\u0103 profesionist\u0103, adun\u00e2nd pove\u0219ti \u0219i mult\u0103 \u00een\u021belepciune din diferite culturi. Acea c\u0103l\u0103torie m-a \u00eenv\u0103\u021bat c\u0103 creativitatea \u0219i vindecarea provin din acela\u0219i loc: inima. Acum \u00eemi folosesc vocea \u00eentr-un mod diferit, \u00eembin\u00e2nd acea energie creativ\u0103 cu munca interioar\u0103 pe care o fac pentru a-i ajuta pe al\u021bii s\u0103-\u0219i g\u0103seasc\u0103 claritatea, \u00eencrederea \u0219i bucuria \u00een propria via\u021b\u0103.<\/p>\n<p data-start=\"1845\" data-end=\"2006\">I believe we truly are what we think, and when our thoughts align with love, purpose, and possibility, life starts to unfold in beautiful and unexpected ways.<\/p>\n<p data-start=\"2008\" data-end=\"2079\">A\u0219adar, bine ai venit. F\u0103-te comod(\u0103). E\u0219ti \u00een locul potrivit.<\/p>\n<p><!-- \/wp:paragraph --><\/p>\n<\/div>\n<\/div>\n<p><!-- \/wp:media-text --><\/p><\/div>\n\t\t\t\t<\/div>\n\t\t\t\t<\/div>\n\t\t\t\t<section class=\"elementor-section elementor-inner-section elementor-element elementor-element-81e34e1 elementor-section-boxed elementor-section-height-default elementor-section-height-default\" data-id=\"81e34e1\" data-element_type=\"section\">\n\t\t\t\t\t\t<div class=\"elementor-container elementor-column-gap-default\">\n\t\t\t\t\t\t\t<div class=\"elementor-row\">\n\t\t\t\t\t<div class=\"elementor-column elementor-col-50 elementor-inner-column elementor-element elementor-element-1d1c653\" data-id=\"1d1c653\" data-element_type=\"column\">\n\t\t\t<div class=\"elementor-column-wrap elementor-element-populated\">\n\t\t\t\t\t\t\t<div class=\"elementor-widget-wrap\">\n\t\t\t\t\t\t<div class=\"elementor-element elementor-element-5ed9e43 elementor-widget elementor-widget-text-editor\" data-id=\"5ed9e43\" data-element_type=\"widget\" data-widget_type=\"text-editor.default\">\n\t\t\t\t<div class=\"elementor-widget-container\">\n\t\t\t\t\t<div class=\"elementor-text-editor elementor-clearfix\"><p>*Pentru a vedea mai multe detalii despre calific\u0103ri, acreditari si diplome, vizitati aceasta pagina, dand click <a href=\"https:\/\/hypnoticoaching.com\/ro\/degrees\/\" target=\"_blank\" rel=\"noopener\"><strong>AICI*<\/strong><\/a><\/p><\/div>\n\t\t\t\t<\/div>\n\t\t\t\t<\/div>\n\t\t\t\t\t\t<\/div>\n\t\t\t\t\t<\/div>\n\t\t<\/div>\n\t\t\t\t<div class=\"elementor-column elementor-col-50 elementor-inner-column elementor-element elementor-element-e8a4ad7\" data-id=\"e8a4ad7\" data-element_type=\"column\">\n\t\t\t<div class=\"elementor-column-wrap elementor-element-populated\">\n\t\t\t\t\t\t\t<div class=\"elementor-widget-wrap\">\n\t\t\t\t\t\t<div class=\"elementor-element elementor-element-52fb1002 elementor-align-center elementor-widget elementor-widget-button\" data-id=\"52fb1002\" data-element_type=\"widget\" data-widget_type=\"button.default\">\n\t\t\t\t<div class=\"elementor-widget-container\">\n\t\t\t\t\t<div class=\"elementor-button-wrapper\">\n\t\t\t<a href=\"https:\/\/hypnoticoaching.com\/ro\/freecall\/\" target=\"_blank\" class=\"elementor-button-link elementor-button elementor-size-lg\" role=\"button\">\n\t\t\t\t\t\t<span class=\"elementor-button-content-wrapper\">\n\t\t\t\t\t\t<span class=\"elementor-button-icon elementor-align-icon-left\">\n\t\t\t\t<i aria-hidden=\"true\" class=\"fas fa-phone-alt\"><\/i>\t\t\t<\/span>\n\t\t\t\t\t\t<span class=\"elementor-button-text\">Book a FREE Clarity Call<\/span>\n\t\t<\/span>\n\t\t\t\t\t<\/a>\n\t\t<\/div>\n\t\t\t\t<\/div>\n\t\t\t\t<\/div>\n\t\t\t\t\t\t<\/div>\n\t\t\t\t\t<\/div>\n\t\t<\/div>\n\t\t\t\t\t\t\t\t<\/div>\n\t\t\t\t\t<\/div>\n\t\t<\/section>\n\t\t\t\t<div class=\"elementor-element elementor-element-2e76d2a elementor-widget elementor-widget-spacer\" data-id=\"2e76d2a\" data-element_type=\"widget\" data-widget_type=\"spacer.default\">\n\t\t\t\t<div class=\"elementor-widget-container\">\n\t\t\t\t\t<div class=\"elementor-spacer\">\n\t\t\t<div class=\"elementor-spacer-inner\"><\/div>\n\t\t<\/div>\n\t\t\t\t<\/div>\n\t\t\t\t<\/div>\n\t\t\t\t<div class=\"elementor-element elementor-element-0da4ea8 elementor-widget elementor-widget-spacer\" data-id=\"0da4ea8\" data-element_type=\"widget\" data-widget_type=\"spacer.default\">\n\t\t\t\t<div class=\"elementor-widget-container\">\n\t\t\t\t\t<div class=\"elementor-spacer\">\n\t\t\t<div class=\"elementor-spacer-inner\"><\/div>\n\t\t<\/div>\n\t\t\t\t<\/div>\n\t\t\t\t<\/div>\n\t\t\t\t\t\t<\/div>\n\t\t\t\t\t<\/div>\n\t\t<\/div>\n\t\t\t\t\t\t\t\t<\/div>\n\t\t\t\t\t<\/div>\n\t\t<\/section>\n\t\t\t\t\t\t<\/div>\n\t\t\t\t\t\t<\/div>\n\t\t\t\t\t<\/div>","protected":false},"excerpt":{"rendered":"<p>\u00a0 Hello! Welcome to my virtual space! I\u2019m Julia, a spiritual coach, hypnotherapist, and eternal explorer of the human heart and mind. I\u2019m thrilled you found your way here (I don\u2019t believe in coincidences , do you?) Over the years, I\u2019ve gathered tools from many paths, psychology, coaching, astrology, and hypnotherapy,\u00a0 blending them with the &hellip;<\/p>\n<p class=\"read-more\"> <a class=\"\" href=\"https:\/\/hypnoticoaching.com\/ro\/about\/\"> <span class=\"screen-reader-text\">Cine Sunt?<\/span> Read More &raquo;<\/a><\/p>","protected":false},"author":1,"featured_media":0,"parent":0,"menu_order":0,"comment_status":"closed","ping_status":"closed","template":"","meta":{"footnotes":""},"class_list":["post-195","page","type-page","status-publish","hentry"],"_links":{"self":[{"href":"https:\/\/hypnoticoaching.com\/ro\/wp-json\/wp\/v2\/pages\/195","targetHints":{"allow":["GET"]}}],"collection":[{"href":"https:\/\/hypnoticoaching.com\/ro\/wp-json\/wp\/v2\/pages"}],"about":[{"href":"https:\/\/hypnoticoaching.com\/ro\/wp-json\/wp\/v2\/types\/page"}],"author":[{"embeddable":true,"href":"https:\/\/hypnoticoaching.com\/ro\/wp-json\/wp\/v2\/users\/1"}],"replies":[{"embeddable":true,"href":"https:\/\/hypnoticoaching.com\/ro\/wp-json\/wp\/v2\/comments?post=195"}],"version-history":[{"count":192,"href":"https:\/\/hypnoticoaching.com\/ro\/wp-json\/wp\/v2\/pages\/195\/revisions"}],"predecessor-version":[{"id":7460,"href":"https:\/\/hypnoticoaching.com\/ro\/wp-json\/wp\/v2\/pages\/195\/revisions\/7460"}],"wp:attachment":[{"href":"https:\/\/hypnoticoaching.com\/ro\/wp-json\/wp\/v2\/media?parent=195"}],"curies":[{"name":"wp","href":"https:\/\/api.w.org\/{rel}","templated":true}]}}