{"id":1501,"date":"2021-02-13T13:30:08","date_gmt":"2021-02-13T13:30:08","guid":{"rendered":"https:\/\/hypnoticoaching.com\/?page_id=1501"},"modified":"2025-10-23T20:29:57","modified_gmt":"2025-10-23T20:29:57","slug":"faq","status":"publish","type":"page","link":"https:\/\/hypnoticoaching.com\/ro\/faq\/","title":{"rendered":"Intrebari si Raspunsuri"},"content":{"rendered":"<div data-elementor-type=\"wp-page\" data-elementor-id=\"1501\" class=\"elementor elementor-1501\" data-elementor-settings=\"[]\">\n\t\t\t\t\t\t<div class=\"elementor-inner\">\n\t\t\t\t\t\t\t<div class=\"elementor-section-wrap\">\n\t\t\t\t\t\t\t<section class=\"elementor-section elementor-top-section elementor-element elementor-element-9ca2c9b elementor-section-boxed elementor-section-height-default elementor-section-height-default\" data-id=\"9ca2c9b\" data-element_type=\"section\" data-settings=\"{&quot;background_background&quot;:&quot;classic&quot;}\">\n\t\t\t\t\t\t<div class=\"elementor-container elementor-column-gap-default\">\n\t\t\t\t\t\t\t<div class=\"elementor-row\">\n\t\t\t\t\t<div class=\"elementor-column elementor-col-100 elementor-top-column elementor-element elementor-element-1eb3d68\" data-id=\"1eb3d68\" data-element_type=\"column\">\n\t\t\t<div class=\"elementor-column-wrap elementor-element-populated\">\n\t\t\t\t\t\t\t<div class=\"elementor-widget-wrap\">\n\t\t\t\t\t\t<div class=\"elementor-element elementor-element-32df206 elementor-widget elementor-widget-spacer\" data-id=\"32df206\" data-element_type=\"widget\" data-widget_type=\"spacer.default\">\n\t\t\t\t<div class=\"elementor-widget-container\">\n\t\t\t\t\t<div class=\"elementor-spacer\">\n\t\t\t<div class=\"elementor-spacer-inner\"><\/div>\n\t\t<\/div>\n\t\t\t\t<\/div>\n\t\t\t\t<\/div>\n\t\t\t\t<div class=\"elementor-element elementor-element-e31ebac elementor-widget elementor-widget-heading\" data-id=\"e31ebac\" data-element_type=\"widget\" data-widget_type=\"heading.default\">\n\t\t\t\t<div class=\"elementor-widget-container\">\n\t\t\t<h2 class=\"elementor-heading-title elementor-size-default\">Cele mai frecvente intrebari si raspunsuri<\/h2>\t\t<\/div>\n\t\t\t\t<\/div>\n\t\t\t\t<div class=\"elementor-element elementor-element-ab70d82 elementor-widget elementor-widget-spacer\" data-id=\"ab70d82\" data-element_type=\"widget\" data-widget_type=\"spacer.default\">\n\t\t\t\t<div class=\"elementor-widget-container\">\n\t\t\t\t\t<div class=\"elementor-spacer\">\n\t\t\t<div class=\"elementor-spacer-inner\"><\/div>\n\t\t<\/div>\n\t\t\t\t<\/div>\n\t\t\t\t<\/div>\n\t\t\t\t\t\t<\/div>\n\t\t\t\t\t<\/div>\n\t\t<\/div>\n\t\t\t\t\t\t\t\t<\/div>\n\t\t\t\t\t<\/div>\n\t\t<\/section>\n\t\t\t\t<section class=\"elementor-section elementor-top-section elementor-element elementor-element-373f186 elementor-section-boxed elementor-section-height-default elementor-section-height-default\" data-id=\"373f186\" data-element_type=\"section\" data-settings=\"{&quot;background_background&quot;:&quot;classic&quot;}\">\n\t\t\t\t\t\t<div class=\"elementor-container elementor-column-gap-default\">\n\t\t\t\t\t\t\t<div class=\"elementor-row\">\n\t\t\t\t\t<div class=\"elementor-column elementor-col-100 elementor-top-column elementor-element elementor-element-47905c1\" data-id=\"47905c1\" data-element_type=\"column\">\n\t\t\t<div class=\"elementor-column-wrap elementor-element-populated\">\n\t\t\t\t\t\t\t<div class=\"elementor-widget-wrap\">\n\t\t\t\t\t\t<div class=\"elementor-element elementor-element-3f3a522 elementor-widget elementor-widget-toggle\" data-id=\"3f3a522\" data-element_type=\"widget\" data-widget_type=\"toggle.default\">\n\t\t\t\t<div class=\"elementor-widget-container\">\n\t\t\t\t\t<div class=\"elementor-toggle\" role=\"tablist\">\n\t\t\t\t\t\t\t<div class=\"elementor-toggle-item\">\n\t\t\t\t\t<div id=\"elementor-tab-title-6621\" class=\"elementor-tab-title\" data-tab=\"1\" role=\"tab\" aria-controls=\"elementor-tab-content-6621\" aria-expanded=\"false\">\n\t\t\t\t\t\t\t\t\t\t\t\t<span class=\"elementor-toggle-icon elementor-toggle-icon-right\" aria-hidden=\"true\">\n\t\t\t\t\t\t\t\t\t\t\t\t\t\t\t<span class=\"elementor-toggle-icon-closed\"><i class=\"fas fa-caret-right\"><\/i><\/span>\n\t\t\t\t\t\t\t\t<span class=\"elementor-toggle-icon-opened\"><i class=\"elementor-toggle-icon-opened fas fa-caret-up\"><\/i><\/span>\n\t\t\t\t\t\t\t\t\t\t\t\t\t<\/span>\n\t\t\t\t\t\t\t\t\t\t\t\t<a href=\"\" class=\"elementor-toggle-title\">Este hipnoterapia online potrivit\u0103 pentru toat\u0103 lumea?<\/a>\n\t\t\t\t\t<\/div>\n\t\t\t\t\t<div id=\"elementor-tab-content-6621\" class=\"elementor-tab-content elementor-clearfix\" data-tab=\"1\" role=\"tabpanel\" aria-labelledby=\"elementor-tab-title-6621\"><p>* <span style=\"text-decoration: underline;\"><strong>NU<\/strong> <\/span>esti eligibil pentru o sedinta DACA:<\/p><ul><li>Ai sub 18 ani ( trebuie consimtamantul parintilor)<\/li><li>Ai tendinte suicidale<\/li><li>Esti sub influenta alcoolului sau drogurilor inainte sau in timpul sedintei<\/li><li>Esti sub supravegherea unui psihiatru sau suferi de orice afec\u021biune psihiatric\u0103, boal\u0103 psihologic\u0103 sau epilepsie diagnosticat\u0103.<\/li><\/ul><\/div>\n\t\t\t\t<\/div>\n\t\t\t\t\t\t\t<div class=\"elementor-toggle-item\">\n\t\t\t\t\t<div id=\"elementor-tab-title-6622\" class=\"elementor-tab-title\" data-tab=\"2\" role=\"tab\" aria-controls=\"elementor-tab-content-6622\" aria-expanded=\"false\">\n\t\t\t\t\t\t\t\t\t\t\t\t<span class=\"elementor-toggle-icon elementor-toggle-icon-right\" aria-hidden=\"true\">\n\t\t\t\t\t\t\t\t\t\t\t\t\t\t\t<span class=\"elementor-toggle-icon-closed\"><i class=\"fas fa-caret-right\"><\/i><\/span>\n\t\t\t\t\t\t\t\t<span class=\"elementor-toggle-icon-opened\"><i class=\"elementor-toggle-icon-opened fas fa-caret-up\"><\/i><\/span>\n\t\t\t\t\t\t\t\t\t\t\t\t\t<\/span>\n\t\t\t\t\t\t\t\t\t\t\t\t<a href=\"\" class=\"elementor-toggle-title\">Cum functioneaza? <\/a>\n\t\t\t\t\t<\/div>\n\t\t\t\t\t<div id=\"elementor-tab-content-6622\" class=\"elementor-tab-content elementor-clearfix\" data-tab=\"2\" role=\"tabpanel\" aria-labelledby=\"elementor-tab-title-6622\"><ol><li style=\"font-size: 16px;\">Imi scrii pe adresa de Email<span style=\"font-size: 16px; font-weight: bold;\">\u00a0<a style=\"font-size: 16px;\" href=\"https:\/\/hypnoticoaching.com\/ro\/shop\/\" target=\"_blank\" rel=\"noopener\">julia@hypnoticoaching.com<\/a><\/span>\u00a0with PayPal or Credit Card and fill in the Availability Form<\/li><li>O sa primesti un email cu detalii si instructiuni<b> (Make sure to check your SPAM folder)<\/b><\/li><li>For hypnosis sessions, we will schedule a call for a pre-talk, you will tell me a little bit about yourself and about the issues that you want to address.<\/li><li>Completezi unul dintre <a href=\"https:\/\/hypnoticoaching.com\/ro\/consultation-forms\/\" target=\"_blank\" rel=\"noopener\"><strong>formularele de consultatie<\/strong> <\/a>and submit them AT LEAST one day prior to the appointment<\/li><li>Vei primi un email cu toate detaliile pentru a te pregati pentru sedinta noastra<\/li><\/ol><\/div>\n\t\t\t\t<\/div>\n\t\t\t\t\t\t\t<div class=\"elementor-toggle-item\">\n\t\t\t\t\t<div id=\"elementor-tab-title-6623\" class=\"elementor-tab-title\" data-tab=\"3\" role=\"tab\" aria-controls=\"elementor-tab-content-6623\" aria-expanded=\"false\">\n\t\t\t\t\t\t\t\t\t\t\t\t<span class=\"elementor-toggle-icon elementor-toggle-icon-right\" aria-hidden=\"true\">\n\t\t\t\t\t\t\t\t\t\t\t\t\t\t\t<span class=\"elementor-toggle-icon-closed\"><i class=\"fas fa-caret-right\"><\/i><\/span>\n\t\t\t\t\t\t\t\t<span class=\"elementor-toggle-icon-opened\"><i class=\"elementor-toggle-icon-opened fas fa-caret-up\"><\/i><\/span>\n\t\t\t\t\t\t\t\t\t\t\t\t\t<\/span>\n\t\t\t\t\t\t\t\t\t\t\t\t<a href=\"\" class=\"elementor-toggle-title\">Sedintele sunt confidentiale?<\/a>\n\t\t\t\t\t<\/div>\n\t\t\t\t\t<div id=\"elementor-tab-content-6623\" class=\"elementor-tab-content elementor-clearfix\" data-tab=\"3\" role=\"tabpanel\" aria-labelledby=\"elementor-tab-title-6623\"><p>Da, respect codul etic strict \u00een ceea ce prive\u0219te confiden\u021bialitatea clientului \u0219i a pacientului. Ceea ce discut\u0103m \u00een cadrul \u0219edin\u021belor noastre r\u0103m\u00e2ne \u00eentre noi.<\/p><\/div>\n\t\t\t\t<\/div>\n\t\t\t\t\t\t\t<div class=\"elementor-toggle-item\">\n\t\t\t\t\t<div id=\"elementor-tab-title-6624\" class=\"elementor-tab-title\" data-tab=\"4\" role=\"tab\" aria-controls=\"elementor-tab-content-6624\" aria-expanded=\"false\">\n\t\t\t\t\t\t\t\t\t\t\t\t<span class=\"elementor-toggle-icon elementor-toggle-icon-right\" aria-hidden=\"true\">\n\t\t\t\t\t\t\t\t\t\t\t\t\t\t\t<span class=\"elementor-toggle-icon-closed\"><i class=\"fas fa-caret-right\"><\/i><\/span>\n\t\t\t\t\t\t\t\t<span class=\"elementor-toggle-icon-opened\"><i class=\"elementor-toggle-icon-opened fas fa-caret-up\"><\/i><\/span>\n\t\t\t\t\t\t\t\t\t\t\t\t\t<\/span>\n\t\t\t\t\t\t\t\t\t\t\t\t<a href=\"\" class=\"elementor-toggle-title\">Sunt sesiunile online la fel de eficiente ca \u0219i cele fa\u021b\u0103 \u00een fa\u021b\u0103? <\/a>\n\t\t\t\t\t<\/div>\n\t\t\t\t\t<div id=\"elementor-tab-content-6624\" class=\"elementor-tab-content elementor-clearfix\" data-tab=\"4\" role=\"tabpanel\" aria-labelledby=\"elementor-tab-title-6624\"><p>Absolut, hipnoterapia sau coaching-ul online este la fel de eficient ca \u0219i colaborarea \u00eentr-o clinic\u0103 sau \u00eentr-un birou. Se urmeaz\u0103 aceea\u0219i abordare structurat\u0103. Cred, de asemenea, c\u0103 este mai convenabil \u0219i mai confortabil online, dac\u0103 e\u0219ti limitat de timp, loca\u021bie etc.\u00a0<\/p><\/div>\n\t\t\t\t<\/div>\n\t\t\t\t\t\t\t<div class=\"elementor-toggle-item\">\n\t\t\t\t\t<div id=\"elementor-tab-title-6625\" class=\"elementor-tab-title\" data-tab=\"5\" role=\"tab\" aria-controls=\"elementor-tab-content-6625\" aria-expanded=\"false\">\n\t\t\t\t\t\t\t\t\t\t\t\t<span class=\"elementor-toggle-icon elementor-toggle-icon-right\" aria-hidden=\"true\">\n\t\t\t\t\t\t\t\t\t\t\t\t\t\t\t<span class=\"elementor-toggle-icon-closed\"><i class=\"fas fa-caret-right\"><\/i><\/span>\n\t\t\t\t\t\t\t\t<span class=\"elementor-toggle-icon-opened\"><i class=\"elementor-toggle-icon-opened fas fa-caret-up\"><\/i><\/span>\n\t\t\t\t\t\t\t\t\t\t\t\t\t<\/span>\n\t\t\t\t\t\t\t\t\t\t\t\t<a href=\"\" class=\"elementor-toggle-title\">Ma pot simti in siguranta fiind hipnotizat online?<\/a>\n\t\t\t\t\t<\/div>\n\t\t\t\t\t<div id=\"elementor-tab-content-6625\" class=\"elementor-tab-content elementor-clearfix\" data-tab=\"5\" role=\"tabpanel\" aria-labelledby=\"elementor-tab-title-6625\"><p>Da. Hipnoza nu necesit\u0103 ca terapeutul s\u0103 fie \u00een camer\u0103 cu pacientul. Transa hipnotica este o stare foarte natural\u0103 \u0219i sigur\u0103 \u00een care vei r\u0103m\u00e2ne \u00een control total \u0219i poate fi ob\u021binut\u0103 cu u\u0219urin\u021b\u0103 at\u00e2ta timp c\u00e2t poti auzi vocea terapeutului. \u00ce\u021bi voi da instruc\u021biunile necesare pentru a ne desf\u0103\u0219ura \u0219edin\u021ba de hipnoz\u0103 \u00een condi\u021bii de siguran\u021b\u0103 \u00een cazul \u00een care conexiunea la internet cade sau exist\u0103 alte distrageri care au loc \u00een timpul \u0219edin\u021bei noastre. Nu exist\u0103 niciun fel de pericol \u00een a r\u0103m\u00e2ne blocat \u00een hipnoz\u0103. Nimeni nu a experimentat vreodat\u0103 a\u0219a ceva.<\/p><\/div>\n\t\t\t\t<\/div>\n\t\t\t\t\t\t\t<div class=\"elementor-toggle-item\">\n\t\t\t\t\t<div id=\"elementor-tab-title-6626\" class=\"elementor-tab-title\" data-tab=\"6\" role=\"tab\" aria-controls=\"elementor-tab-content-6626\" aria-expanded=\"false\">\n\t\t\t\t\t\t\t\t\t\t\t\t<span class=\"elementor-toggle-icon elementor-toggle-icon-right\" aria-hidden=\"true\">\n\t\t\t\t\t\t\t\t\t\t\t\t\t\t\t<span class=\"elementor-toggle-icon-closed\"><i class=\"fas fa-caret-right\"><\/i><\/span>\n\t\t\t\t\t\t\t\t<span class=\"elementor-toggle-icon-opened\"><i class=\"elementor-toggle-icon-opened fas fa-caret-up\"><\/i><\/span>\n\t\t\t\t\t\t\t\t\t\t\t\t\t<\/span>\n\t\t\t\t\t\t\t\t\t\t\t\t<a href=\"\" class=\"elementor-toggle-title\">Cum stiu daca esti calificata pentru a ma ajuta?<\/a>\n\t\t\t\t\t<\/div>\n\t\t\t\t\t<div id=\"elementor-tab-content-6626\" class=\"elementor-tab-content elementor-clearfix\" data-tab=\"6\" role=\"tabpanel\" aria-labelledby=\"elementor-tab-title-6626\"><p>Am absolvit Facultatea <i>de Psihologie din cadrul Universitatii Lucian Blaga<\/i> din Sibiu, Rom\u00e2nia. Am facut cursuri de calificare in hipnoterapie, coaching spiritual \u0219i programare neuro-lingvistic\u0103 cu profesori renumi\u021bi din Anglia si Statele Unite, precum Karen E Wells, David Key \u0219i Emily Rivera.<em> Am primit certificari de la<\/em><strong><em>,<\/em><\/strong> <i>International Alliance of Holistic Therapists, <\/i>si<em> Agen\u021bia pentru standarde de dezvoltare profesional\u0103 continu\u0103. <br \/><\/em><\/p><p>Puteti verifica diplomele\/certific\u0103rile dand click <strong><a href=\"https:\/\/hypnoticoaching.com\/ro\/degrees\/\" target=\"_blank\" rel=\"noopener\">AICI*<\/a><\/strong><\/p><div><div><p><strong>\u0218edin\u021bele mele sunt spontane \u0219i intuitive. Nu folosesc o re\u021bet\u0103 specific\u0103, o tehnic\u0103 sau o formul\u0103 magic\u0103 pentru fiecare client. <br \/><\/strong><\/p><p>De obicei, pot identifica cu precizie problemele care trebuiesc abordate \u0219i care este cea mai bun\u0103 modalitate de a te ajuta.<\/p><p>Folosesc tehnici care sunt foarte mult legate at\u00e2t de spiritualitate, c\u00e2t \u0219i de psihologie. Medita\u021bia, hipnoza, regresia \u00een vie\u021bile anterioare, munca cu ego-ul, munca cu umbrele, vindecarea copilului interior, EFT (tehnica de eliberare emo\u021bional\u0103), credin\u021bele subcon\u0219tiente, interpretarea viselor, mentalitatea, mindfulness, sunt doar c\u00e2teva dintre metodele pe care le folosesc pentru a-mi ajuta clien\u021bii.<\/p><\/div><\/div><\/div>\n\t\t\t\t<\/div>\n\t\t\t\t\t\t\t<div class=\"elementor-toggle-item\">\n\t\t\t\t\t<div id=\"elementor-tab-title-6627\" class=\"elementor-tab-title\" data-tab=\"7\" role=\"tab\" aria-controls=\"elementor-tab-content-6627\" aria-expanded=\"false\">\n\t\t\t\t\t\t\t\t\t\t\t\t<span class=\"elementor-toggle-icon elementor-toggle-icon-right\" aria-hidden=\"true\">\n\t\t\t\t\t\t\t\t\t\t\t\t\t\t\t<span class=\"elementor-toggle-icon-closed\"><i class=\"fas fa-caret-right\"><\/i><\/span>\n\t\t\t\t\t\t\t\t<span class=\"elementor-toggle-icon-opened\"><i class=\"elementor-toggle-icon-opened fas fa-caret-up\"><\/i><\/span>\n\t\t\t\t\t\t\t\t\t\t\t\t\t<\/span>\n\t\t\t\t\t\t\t\t\t\t\t\t<a href=\"\" class=\"elementor-toggle-title\">PO\u021aI GARANTA SUCCESUL DUP\u0102 UNA sau mai multe SEdinte?<\/a>\n\t\t\t\t\t<\/div>\n\t\t\t\t\t<div id=\"elementor-tab-content-6627\" class=\"elementor-tab-content elementor-clearfix\" data-tab=\"7\" role=\"tabpanel\" aria-labelledby=\"elementor-tab-title-6627\"><p>Terapeu\u021bii nu pot garanta niciodat\u0103 succes 100%. Orice form\u0103 de terapie este un proces de colaborare, iar succesul depinde de dorin\u021ba \u0219i angajamentul clientului fa\u021b\u0103 de terapie \u0219i de schimb\u0103rile ce trebuiesc facute. Am avut succes cu multi clien\u021bi dup\u0103 o singur\u0103 \u0219edin\u021b\u0103, dar \u00een cele din urm\u0103 nu pot dec\u00e2t s\u0103 ofer c\u00e2teva instrumente care s\u0103 ajute, cea mai mare parte a muncii o face clientul, iar eu sunt acolo pentru a te ghida la fiecare pas. Vom analiza progresul dup\u0103 fiecare \u0219edin\u021b\u0103 \u0219i tu e\u0219ti \u00een control asupra num\u0103rului de \u0219edin\u021be de care sim\u021bi c\u0103 ai nevoie pentru a ajunge la rezultatul dorit.<\/p><\/div>\n\t\t\t\t<\/div>\n\t\t\t\t\t\t\t<div class=\"elementor-toggle-item\">\n\t\t\t\t\t<div id=\"elementor-tab-title-6628\" class=\"elementor-tab-title\" data-tab=\"8\" role=\"tab\" aria-controls=\"elementor-tab-content-6628\" aria-expanded=\"false\">\n\t\t\t\t\t\t\t\t\t\t\t\t<span class=\"elementor-toggle-icon elementor-toggle-icon-right\" aria-hidden=\"true\">\n\t\t\t\t\t\t\t\t\t\t\t\t\t\t\t<span class=\"elementor-toggle-icon-closed\"><i class=\"fas fa-caret-right\"><\/i><\/span>\n\t\t\t\t\t\t\t\t<span class=\"elementor-toggle-icon-opened\"><i class=\"elementor-toggle-icon-opened fas fa-caret-up\"><\/i><\/span>\n\t\t\t\t\t\t\t\t\t\t\t\t\t<\/span>\n\t\t\t\t\t\t\t\t\t\t\t\t<a href=\"\" class=\"elementor-toggle-title\">Pot programa mai multe sedinte?<\/a>\n\t\t\t\t\t<\/div>\n\t\t\t\t\t<div id=\"elementor-tab-content-6628\" class=\"elementor-tab-content elementor-clearfix\" data-tab=\"8\" role=\"tabpanel\" aria-labelledby=\"elementor-tab-title-6628\"><p>Sigur, sedintele recurente au un pret redus.<\/p><\/div>\n\t\t\t\t<\/div>\n\t\t\t\t\t\t\t<div class=\"elementor-toggle-item\">\n\t\t\t\t\t<div id=\"elementor-tab-title-6629\" class=\"elementor-tab-title\" data-tab=\"9\" role=\"tab\" aria-controls=\"elementor-tab-content-6629\" aria-expanded=\"false\">\n\t\t\t\t\t\t\t\t\t\t\t\t<span class=\"elementor-toggle-icon elementor-toggle-icon-right\" aria-hidden=\"true\">\n\t\t\t\t\t\t\t\t\t\t\t\t\t\t\t<span class=\"elementor-toggle-icon-closed\"><i class=\"fas fa-caret-right\"><\/i><\/span>\n\t\t\t\t\t\t\t\t<span class=\"elementor-toggle-icon-opened\"><i class=\"elementor-toggle-icon-opened fas fa-caret-up\"><\/i><\/span>\n\t\t\t\t\t\t\t\t\t\t\t\t\t<\/span>\n\t\t\t\t\t\t\t\t\t\t\t\t<a href=\"\" class=\"elementor-toggle-title\">Daca am platit deja si ma razgandesc, imi primesc banii inapoi?<\/a>\n\t\t\t\t\t<\/div>\n\t\t\t\t\t<div id=\"elementor-tab-content-6629\" class=\"elementor-tab-content elementor-clearfix\" data-tab=\"9\" role=\"tabpanel\" aria-labelledby=\"elementor-tab-title-6629\"><p>Dac\u0103 ai rezervat o \u0219edin\u021b\u0103 \u0219i te r\u0103zg\u00e2ndesti, o poti anula \u0219i poti cere o rambursare, dar va trebui s\u0103 m\u0103 anunti cel pu\u021bin <b>cu doua zile<\/b> inainte de programare. Poti oricand reprograma.<\/p><\/div>\n\t\t\t\t<\/div>\n\t\t\t\t\t\t\t<div class=\"elementor-toggle-item\">\n\t\t\t\t\t<div id=\"elementor-tab-title-66210\" class=\"elementor-tab-title\" data-tab=\"10\" role=\"tab\" aria-controls=\"elementor-tab-content-66210\" aria-expanded=\"false\">\n\t\t\t\t\t\t\t\t\t\t\t\t<span class=\"elementor-toggle-icon elementor-toggle-icon-right\" aria-hidden=\"true\">\n\t\t\t\t\t\t\t\t\t\t\t\t\t\t\t<span class=\"elementor-toggle-icon-closed\"><i class=\"fas fa-caret-right\"><\/i><\/span>\n\t\t\t\t\t\t\t\t<span class=\"elementor-toggle-icon-opened\"><i class=\"elementor-toggle-icon-opened fas fa-caret-up\"><\/i><\/span>\n\t\t\t\t\t\t\t\t\t\t\t\t\t<\/span>\n\t\t\t\t\t\t\t\t\t\t\t\t<a href=\"\" class=\"elementor-toggle-title\">Care este politica de anulare?<\/a>\n\t\t\t\t\t<\/div>\n\t\t\t\t\t<div id=\"elementor-tab-content-66210\" class=\"elementor-tab-content elementor-clearfix\" data-tab=\"10\" role=\"tabpanel\" aria-labelledby=\"elementor-tab-title-66210\"><p>Dac\u0103 trebuie s\u0103 anulezi \u0219i s\u0103 reprogramezi o \u00eent\u00e2lnire, te rog s\u0103 ma anunti din timp <strong>cu doua zile inainte de programare cel putin<\/strong> . Acest lucru ofer\u0103 altor clien\u021bi posibilitatea de a ocupa acel intervalul orar.<\/p><\/div>\n\t\t\t\t<\/div>\n\t\t\t\t\t\t\t<div class=\"elementor-toggle-item\">\n\t\t\t\t\t<div id=\"elementor-tab-title-66211\" class=\"elementor-tab-title\" data-tab=\"11\" role=\"tab\" aria-controls=\"elementor-tab-content-66211\" aria-expanded=\"false\">\n\t\t\t\t\t\t\t\t\t\t\t\t<span class=\"elementor-toggle-icon elementor-toggle-icon-right\" aria-hidden=\"true\">\n\t\t\t\t\t\t\t\t\t\t\t\t\t\t\t<span class=\"elementor-toggle-icon-closed\"><i class=\"fas fa-caret-right\"><\/i><\/span>\n\t\t\t\t\t\t\t\t<span class=\"elementor-toggle-icon-opened\"><i class=\"elementor-toggle-icon-opened fas fa-caret-up\"><\/i><\/span>\n\t\t\t\t\t\t\t\t\t\t\t\t\t<\/span>\n\t\t\t\t\t\t\t\t\t\t\t\t<a href=\"\" class=\"elementor-toggle-title\">De ce anume am nevoie pentru sedinta noastra?<\/a>\n\t\t\t\t\t<\/div>\n\t\t\t\t\t<div id=\"elementor-tab-content-66211\" class=\"elementor-tab-content elementor-clearfix\" data-tab=\"11\" role=\"tabpanel\" aria-labelledby=\"elementor-tab-title-66211\"><ul><li>Va trebui sa completezi un <strong><a href=\"https:\/\/hypnoticoaching.com\/ro\/consultation-form\/\" target=\"_blank\" rel=\"noopener\">Formular de consultatie<\/a> pentru prima sedinta de hipnoza sau un <a href=\"https:\/\/hypnoticoaching.com\/ro\/consultation-form-coaching\/\" target=\"_blank\" rel=\"noopener\">Formular de consultatie <\/a>pentru prima sedinta de coaching. Va rog sa le trimiteti cu o zi, doua <\/strong><strong>-<\/strong> <strong>inainte de sedinta<\/strong><\/li><li>Pentru sedintele online, e necesara o conexiune buna la internet<\/li><li>Un laptop sau alt device ce are un sunet bun, microfon si camera video<\/li><li>Baterie la laptop sau alt device ce va tine cel putin 60 de minute<\/li><li>Daca folositi telefonul, trebuie un trepied sau un suport<\/li><li>Un cont de Skype sau Zoom<\/li><li>Casti audio pentru a anula zgomotul de afara\u00a0<\/li><li>Inchiderea sunetului la telefon in timpul sedintei<\/li><li>Un loc confortabil unde este liniste si nu vei fi deranjat<\/li><\/ul><\/div>\n\t\t\t\t<\/div>\n\t\t\t\t\t<\/div>\n\t\t\t\t<\/div>\n\t\t\t\t<\/div>\n\t\t\t\t<div class=\"elementor-element elementor-element-d28d02d elementor-widget elementor-widget-spacer\" data-id=\"d28d02d\" data-element_type=\"widget\" data-widget_type=\"spacer.default\">\n\t\t\t\t<div class=\"elementor-widget-container\">\n\t\t\t\t\t<div class=\"elementor-spacer\">\n\t\t\t<div class=\"elementor-spacer-inner\"><\/div>\n\t\t<\/div>\n\t\t\t\t<\/div>\n\t\t\t\t<\/div>\n\t\t\t\t<div class=\"elementor-element elementor-element-bd72b91 elementor-widget elementor-widget-text-editor\" data-id=\"bd72b91\" data-element_type=\"widget\" data-widget_type=\"text-editor.default\">\n\t\t\t\t<div class=\"elementor-widget-container\">\n\t\t\t\t\t<div class=\"elementor-text-editor elementor-clearfix\"><p class=\"translation-block\">*Daca ai alte intrebari si nelamuriri nu ezita sa ma contactezi, folosind pagina de\u00a0 <a href=\"https:\/\/hypnoticoaching.com\/ro\/contact\/\" target=\"_self\" rel=\"noopener\"><strong>CON<\/strong><strong>TACT<\/strong>\u00a0 <\/a>.<\/p><\/div>\n\t\t\t\t<\/div>\n\t\t\t\t<\/div>\n\t\t\t\t<div class=\"elementor-element elementor-element-1cdcf57 elementor-widget elementor-widget-spacer\" data-id=\"1cdcf57\" data-element_type=\"widget\" data-widget_type=\"spacer.default\">\n\t\t\t\t<div class=\"elementor-widget-container\">\n\t\t\t\t\t<div class=\"elementor-spacer\">\n\t\t\t<div class=\"elementor-spacer-inner\"><\/div>\n\t\t<\/div>\n\t\t\t\t<\/div>\n\t\t\t\t<\/div>\n\t\t\t\t\t\t<\/div>\n\t\t\t\t\t<\/div>\n\t\t<\/div>\n\t\t\t\t\t\t\t\t<\/div>\n\t\t\t\t\t<\/div>\n\t\t<\/section>\n\t\t\t\t\t\t<\/div>\n\t\t\t\t\t\t<\/div>\n\t\t\t\t\t<\/div>","protected":false},"excerpt":{"rendered":"<p>Frequently asked questions and answers Is online hypnotherapy suitable for everyone? You are NOT suitable for online sessions if: You are under 18 years of age (parental consent is required). You are feeling suicidal You are under the influence of alcohol or recreational drugs prior to or during our consultation. You are under the supervision &hellip;<\/p>\n<p class=\"read-more\"> <a class=\"\" href=\"https:\/\/hypnoticoaching.com\/ro\/faq\/\"> <span class=\"screen-reader-text\">Intrebari si Raspunsuri<\/span> Read More &raquo;<\/a><\/p>","protected":false},"author":1,"featured_media":0,"parent":0,"menu_order":0,"comment_status":"closed","ping_status":"closed","template":"","meta":{"footnotes":""},"class_list":["post-1501","page","type-page","status-publish","hentry"],"_links":{"self":[{"href":"https:\/\/hypnoticoaching.com\/ro\/wp-json\/wp\/v2\/pages\/1501","targetHints":{"allow":["GET"]}}],"collection":[{"href":"https:\/\/hypnoticoaching.com\/ro\/wp-json\/wp\/v2\/pages"}],"about":[{"href":"https:\/\/hypnoticoaching.com\/ro\/wp-json\/wp\/v2\/types\/page"}],"author":[{"embeddable":true,"href":"https:\/\/hypnoticoaching.com\/ro\/wp-json\/wp\/v2\/users\/1"}],"replies":[{"embeddable":true,"href":"https:\/\/hypnoticoaching.com\/ro\/wp-json\/wp\/v2\/comments?post=1501"}],"version-history":[{"count":61,"href":"https:\/\/hypnoticoaching.com\/ro\/wp-json\/wp\/v2\/pages\/1501\/revisions"}],"predecessor-version":[{"id":5133,"href":"https:\/\/hypnoticoaching.com\/ro\/wp-json\/wp\/v2\/pages\/1501\/revisions\/5133"}],"wp:attachment":[{"href":"https:\/\/hypnoticoaching.com\/ro\/wp-json\/wp\/v2\/media?parent=1501"}],"curies":[{"name":"wp","href":"https:\/\/api.w.org\/{rel}","templated":true}]}}