{"id":1499,"date":"2021-02-13T13:29:21","date_gmt":"2021-02-13T13:29:21","guid":{"rendered":"https:\/\/hypnoticoaching.com\/?page_id=1499"},"modified":"2025-10-23T20:20:30","modified_gmt":"2025-10-23T20:20:30","slug":"disclaimers","status":"publish","type":"page","link":"https:\/\/hypnoticoaching.com\/ro\/disclaimers\/","title":{"rendered":"Conditii Legale"},"content":{"rendered":"<div data-elementor-type=\"wp-page\" data-elementor-id=\"1499\" class=\"elementor elementor-1499\" data-elementor-settings=\"[]\">\n\t\t\t\t\t\t<div class=\"elementor-inner\">\n\t\t\t\t\t\t\t<div class=\"elementor-section-wrap\">\n\t\t\t\t\t\t\t<section class=\"elementor-section elementor-top-section elementor-element elementor-element-f887746 elementor-section-boxed elementor-section-height-default elementor-section-height-default\" data-id=\"f887746\" data-element_type=\"section\">\n\t\t\t\t\t\t<div class=\"elementor-container elementor-column-gap-default\">\n\t\t\t\t\t\t\t<div class=\"elementor-row\">\n\t\t\t\t\t<div class=\"elementor-column elementor-col-100 elementor-top-column elementor-element elementor-element-dcb0300\" data-id=\"dcb0300\" data-element_type=\"column\">\n\t\t\t<div class=\"elementor-column-wrap elementor-element-populated\">\n\t\t\t\t\t\t\t<div class=\"elementor-widget-wrap\">\n\t\t\t\t\t\t<div class=\"elementor-element elementor-element-9d2e707 elementor-widget elementor-widget-spacer\" data-id=\"9d2e707\" data-element_type=\"widget\" data-widget_type=\"spacer.default\">\n\t\t\t\t<div class=\"elementor-widget-container\">\n\t\t\t\t\t<div class=\"elementor-spacer\">\n\t\t\t<div class=\"elementor-spacer-inner\"><\/div>\n\t\t<\/div>\n\t\t\t\t<\/div>\n\t\t\t\t<\/div>\n\t\t\t\t<div class=\"elementor-element elementor-element-cd00290 elementor-widget elementor-widget-heading\" data-id=\"cd00290\" data-element_type=\"widget\" data-widget_type=\"heading.default\">\n\t\t\t\t<div class=\"elementor-widget-container\">\n\t\t\t<h2 class=\"elementor-heading-title elementor-size-default\">Conditii Legale pentru Coaching si Hipnoterapie<\/h2>\t\t<\/div>\n\t\t\t\t<\/div>\n\t\t\t\t<div class=\"elementor-element elementor-element-d68f59e elementor-widget elementor-widget-spacer\" data-id=\"d68f59e\" data-element_type=\"widget\" data-widget_type=\"spacer.default\">\n\t\t\t\t<div class=\"elementor-widget-container\">\n\t\t\t\t\t<div class=\"elementor-spacer\">\n\t\t\t<div class=\"elementor-spacer-inner\"><\/div>\n\t\t<\/div>\n\t\t\t\t<\/div>\n\t\t\t\t<\/div>\n\t\t\t\t<section class=\"elementor-section elementor-inner-section elementor-element elementor-element-f1cfcf7 elementor-section-boxed elementor-section-height-default elementor-section-height-default\" data-id=\"f1cfcf7\" data-element_type=\"section\">\n\t\t\t\t\t\t<div class=\"elementor-container elementor-column-gap-default\">\n\t\t\t\t\t\t\t<div class=\"elementor-row\">\n\t\t\t\t\t<div class=\"elementor-column elementor-col-100 elementor-inner-column elementor-element elementor-element-da353cf\" data-id=\"da353cf\" data-element_type=\"column\">\n\t\t\t<div class=\"elementor-column-wrap elementor-element-populated\">\n\t\t\t\t\t\t\t<div class=\"elementor-widget-wrap\">\n\t\t\t\t\t\t<div class=\"elementor-element elementor-element-d168d29 elementor-widget elementor-widget-text-editor\" data-id=\"d168d29\" data-element_type=\"widget\" data-widget_type=\"text-editor.default\">\n\t\t\t\t<div class=\"elementor-widget-container\">\n\t\t\t\t\t<div class=\"elementor-text-editor elementor-clearfix\"><p class=\"translation-block\">Toate serviciile, programele, produsele, produsele \u0219i materialele de coaching \u0219i hipnoterapie furnizate sunt doar \u00een scop informativ \u0219i educa\u021bional, iar e-mailurile de comunicare sau de alt\u0103 natur\u0103, transmise de c\u0103tre<strong> Iulia Constantin,<\/strong> precum \u0219i informa\u021biile de pe acest site web, au scopul de a v\u0103 ajuta s\u0103 identifica\u021bi zonele din via\u021ba \u0219i g\u00e2ndirea dvs. care v\u0103 pot sta \u00een cale.<\/p><p>Cu toate acestea, coaching-ul nu este o asisten\u021b\u0103 medical\u0103 sau de psihiatrie. Dac\u0103 v\u0103 sim\u021bi\u021bi stresat din punct de vedere psihologic p\u00e2n\u0103 la punctul \u00een care acest lucru interfereaz\u0103 cu capacitatea dumneavoastr\u0103 de a func\u021biona, va rog s\u0103 ave\u021bi curajul de a c\u0103uta ajutorul de care ave\u021bi nevoie sub forma unui medic profesionist.<\/p><p>Coaching-ul \u0219i\/sau hipnoterapia nu sunt destinate s\u0103 diagnosticheze, s\u0103 prescrie, s\u0103 trateze sau s\u0103 vindece o boal\u0103, fizic\u0103 sau psihic\u0103. Utilizarea hipnozei \u0219i a coaching-ului este destinat\u0103 \u00een mod special abord\u0103rii problemelor spirituale  care pot cauza stresul.<\/p><p>\u00a0Coaching-ul \u0219i hipnoza nu trebuie interpretate ca o re\u021bet\u0103, o promisiune de beneficii, preten\u021bii de vindecare sau o garan\u021bie a rezultatelor care urmeaz\u0103 s\u0103 fie ob\u021binute.<\/p><p>\u00a0<b>Iulia Constantin<\/b> exclude \u00een mod expres orice r\u0103spundere pentru orice pierdere sau prejudiciu direct, indirect sau consecvent suferit de dumneavoastr\u0103 sau de alte persoane \u00een leg\u0103tur\u0103 cu produsele, serviciile \u0219i materialele programului, inclusiv, f\u0103r\u0103 a se limita la orice r\u0103spundere pentru accidente, \u00eent\u00e2rzieri, leziuni, daune, pierderi, decese, pierderi de profit, \u00eentreruperi personale sau de afaceri, aplicarea eronat\u0103 a informa\u021biilor, boli fizice sau mentale, afec\u021biuni sau probleme, v\u0103t\u0103m\u0103ri sau prejudicii fizice, mentale, emo\u021bionale sau spirituale, pierderi de venituri, pierderi de afaceri, pierderi de profituri sau contracte, economii anticipate, pierderi de date, pierderi de timp \u0219i pentru orice alte pierderi sau daune de orice fel. Recunoa\u0219te\u021bi \u00een mod specific \u0219i sunte\u021bi de acord c\u0103 nu suntem r\u0103spunz\u0103tori pentru orice comportament def\u0103im\u0103tor, ofensator sau ilegal al oric\u0103rui alt Produs, Serviciu sau Material al Programului.<\/p><p>Coaching-ul \u0219i hipnoterapia nu \u00eenlocuiesc \u00eengrijirea medical\u0103 sau psihiatric\u0103 obi\u0219nuit\u0103. Aceste forme de terapie nu se refer\u0103 la boal\u0103 sau afec\u021biune - mai degrab\u0103, accentul este pus pe vindecare \u0219i bun\u0103stare.<\/p><p>Autorit\u0103\u021bile medicale nu recunosc aceast\u0103 activitate drept \"medicin\u0103\".<\/p><p class=\"translation-block\">Coaching-ul \u0219i hipnoza pot spori terapia, dar munca este menit\u0103 s\u0103 fie f\u0103cut\u0103 atunci c\u00e2nd r\u0103nile emo\u021bionale \u0219i psihologice majore sunt deja vindecate sau aproape vindecate. \u00cen acest sens, prin achizi\u021bionarea serviciilor de coaching \u0219i hipnoz\u0103,<b>confirma\u021bi c\u0103 a\u021bi citit \u0219i sunte\u021bi de acord cu fiecare declara\u021bie <\/b>\u0219i c\u0103 dori\u021bi s\u0103 continua\u021bi.<\/p><ul><li>\u00cen\u021beleg c\u0103 serviciile de coaching \u0219i hipnoz\u0103 pe care le voi primi de la psihologul meu nu sunt oferite ca un substitut pentru \u00eengrijirea medical\u0103 sau de s\u0103n\u0103tate mintal\u0103 profesional\u0103 \u0219i nu sunt destinate s\u0103 diagnosticheze, s\u0103 trateze sau s\u0103 vindece orice afec\u021biune medical\u0103 sau de s\u0103n\u0103tate mintal\u0103. De asemenea, \u00een\u021beleg c\u0103 psihologul meu nu ac\u021bioneaz\u0103 ca un consilier de s\u0103n\u0103tate mintal\u0103 sau ca un profesionist medical.<\/li><\/ul><ul><li>\u00cen\u021beleg c\u0103, \u00een prezent, coaching-ul este o industrie nereglementat\u0103. \u00cen\u021beleg, de asemenea, c\u0103, \u00een toate scopurile legale, serviciile furnizate de terapeutul meu vor fi considerate ca fiind furnizate din orice loca\u021bie la distan\u021b\u0103 din \u00eentreaga lume.<\/li><\/ul><ul><li>\u00cen\u021beleg \u0219i sunt de acord c\u0103 sunt pe deplin responsabil pentru bun\u0103starea mea \u00een timpul \u0219edin\u021belor de coaching \u0219i hipnoz\u0103 \u0219i ulterior, inclusiv pentru alegerile \u0219i deciziile mele.<\/li><\/ul><ul><li>\u00cen\u021beleg ca hipnoza si coaching-ul nu reprezint\u0103 un substitut pentru psihoterapie, psihanaliz\u0103, \u00eengrijire de s\u0103n\u0103tate mintal\u0103 sau tratament pentru abuz de substan\u021be.<\/li><\/ul><ul><li>\u00cen\u021beleg c\u0103 toate comentariile \u0219i ideile oferite de terapeutul meu au ca unic scop s\u0103 m\u0103 ajute \u00een atingerea obiectivelor mele definite. Am capacitatea de a-mi da consim\u021b\u0103m\u00e2ntul \u00een cuno\u0219tin\u021b\u0103 de cauz\u0103 \u0219i, prin prezenta, \u00eei dau acest consim\u021b\u0103m\u00e2nt terapetului meu pentru a m\u0103 ajuta \u00een atingerea acestor obiective \u0219i scopuri.<\/li><\/ul><ul><li>\u00cen\u021beleg c\u0103 antrenorul meu va proteja informa\u021biile mele ca fiind confiden\u021biale, cu excep\u021bia cazului \u00een care declar altfel \u00een scris. \u00cen cazul \u00een care raportez abuzul sau neglijarea unui copil, a unui b\u0103tr\u00e2n sau a unei persoane \u00een v\u00e2rst\u0103, sau dac\u0103 amenin\u021b c\u0103 \u00eemi voi face r\u0103u mie sau altcuiva, \u00een\u021beleg c\u0103 vor fi luate m\u0103surile necesare \u0219i c\u0103 acordul meu de confiden\u021bialitate va fi limitat \u00een aceast\u0103 calitate. \u00cen plus, dac\u0103 terapeutul meu este obligat de o instan\u021b\u0103 s\u0103 furnizeze informa\u021bii sau s\u0103 depun\u0103 m\u0103rturie, acesta va face acest lucru \u00een m\u0103sura \u00een care legea o cere.<\/li><\/ul><ul><li>\u00cen\u021beleg c\u0103 utilizarea tehnologiei nu este \u00eentotdeauna sigur\u0103 \u0219i accept riscurile de confiden\u021bialitate \u00een ceea ce prive\u0219te utilizarea e-mailului, a mesajelor text, a telefonului, a Skype, Zoom \u0219i a altor tehnologii.<\/li><\/ul><ul><li>Prin prezenta, \u00eel eliberez, renun\u021b, achit pentru totdeauna pe terapeutul meu, orice agen\u021bi, succesori, cesionari, reprezentan\u021bi personali, executori testamentari, mo\u0219tenitori \u0219i angaja\u021bi de orice preten\u021bie, ac\u021biune \u00een instan\u021b\u0103, cerere sau drept la desp\u0103gubiri pentru daunele pe care a\u0219 putea pretinde c\u0103 le am sau care ar putea ap\u0103rea ca urmare a unor acte sau omisiuni ale mele sau ale terapeutului meu ca urmare a sfaturilor oferite de terapeutul meu sau care rezult\u0103 \u00een alt mod din rela\u021bia de pacient - terapeut, prev\u0103zut\u0103 \u00een acest acord.<\/li><\/ul><\/div>\n\t\t\t\t<\/div>\n\t\t\t\t<\/div>\n\t\t\t\t\t\t<\/div>\n\t\t\t\t\t<\/div>\n\t\t<\/div>\n\t\t\t\t\t\t\t\t<\/div>\n\t\t\t\t\t<\/div>\n\t\t<\/section>\n\t\t\t\t\t\t<\/div>\n\t\t\t\t\t<\/div>\n\t\t<\/div>\n\t\t\t\t\t\t\t\t<\/div>\n\t\t\t\t\t<\/div>\n\t\t<\/section>\n\t\t\t\t\t\t<\/div>\n\t\t\t\t\t\t<\/div>\n\t\t\t\t\t<\/div>","protected":false},"excerpt":{"rendered":"<p>Coaching &#038; Hypnotherapy Disclamer All Coaching &amp; Hypnotherapy Services, Programs, Products, and materials provided are for informational and educational purposes only and communication emails or otherwise, delivered by Julia Constantin, as well as information on this website, are meant to help you identify the areas in your life and in your thinking that may be &hellip;<\/p>\n<p class=\"read-more\"> <a class=\"\" href=\"https:\/\/hypnoticoaching.com\/ro\/disclaimers\/\"> <span class=\"screen-reader-text\">Conditii Legale<\/span> Read More &raquo;<\/a><\/p>","protected":false},"author":1,"featured_media":0,"parent":0,"menu_order":0,"comment_status":"closed","ping_status":"closed","template":"","meta":{"footnotes":""},"class_list":["post-1499","page","type-page","status-publish","hentry"],"_links":{"self":[{"href":"https:\/\/hypnoticoaching.com\/ro\/wp-json\/wp\/v2\/pages\/1499","targetHints":{"allow":["GET"]}}],"collection":[{"href":"https:\/\/hypnoticoaching.com\/ro\/wp-json\/wp\/v2\/pages"}],"about":[{"href":"https:\/\/hypnoticoaching.com\/ro\/wp-json\/wp\/v2\/types\/page"}],"author":[{"embeddable":true,"href":"https:\/\/hypnoticoaching.com\/ro\/wp-json\/wp\/v2\/users\/1"}],"replies":[{"embeddable":true,"href":"https:\/\/hypnoticoaching.com\/ro\/wp-json\/wp\/v2\/comments?post=1499"}],"version-history":[{"count":34,"href":"https:\/\/hypnoticoaching.com\/ro\/wp-json\/wp\/v2\/pages\/1499\/revisions"}],"predecessor-version":[{"id":5120,"href":"https:\/\/hypnoticoaching.com\/ro\/wp-json\/wp\/v2\/pages\/1499\/revisions\/5120"}],"wp:attachment":[{"href":"https:\/\/hypnoticoaching.com\/ro\/wp-json\/wp\/v2\/media?parent=1499"}],"curies":[{"name":"wp","href":"https:\/\/api.w.org\/{rel}","templated":true}]}}