{"id":1497,"date":"2021-02-13T13:22:20","date_gmt":"2021-02-13T13:22:20","guid":{"rendered":"https:\/\/hypnoticoaching.com\/?page_id=1497"},"modified":"2025-10-23T20:21:47","modified_gmt":"2025-10-23T20:21:47","slug":"terms-and-conditions","status":"publish","type":"page","link":"https:\/\/hypnoticoaching.com\/ro\/terms-and-conditions\/","title":{"rendered":"termeni si conditii"},"content":{"rendered":"<div data-elementor-type=\"wp-page\" data-elementor-id=\"1497\" class=\"elementor elementor-1497\" data-elementor-settings=\"[]\">\n\t\t\t\t\t\t<div class=\"elementor-inner\">\n\t\t\t\t\t\t\t<div class=\"elementor-section-wrap\">\n\t\t\t\t\t\t\t<section class=\"elementor-section elementor-top-section elementor-element elementor-element-fd9e6b9 elementor-section-boxed elementor-section-height-default elementor-section-height-default\" data-id=\"fd9e6b9\" data-element_type=\"section\">\n\t\t\t\t\t\t<div class=\"elementor-container elementor-column-gap-default\">\n\t\t\t\t\t\t\t<div class=\"elementor-row\">\n\t\t\t\t\t<div class=\"elementor-column elementor-col-100 elementor-top-column elementor-element elementor-element-a5e8a4b\" data-id=\"a5e8a4b\" data-element_type=\"column\">\n\t\t\t<div class=\"elementor-column-wrap elementor-element-populated\">\n\t\t\t\t\t\t\t<div class=\"elementor-widget-wrap\">\n\t\t\t\t\t\t<div class=\"elementor-element elementor-element-735fe23 elementor-widget elementor-widget-spacer\" data-id=\"735fe23\" data-element_type=\"widget\" data-widget_type=\"spacer.default\">\n\t\t\t\t<div class=\"elementor-widget-container\">\n\t\t\t\t\t<div class=\"elementor-spacer\">\n\t\t\t<div class=\"elementor-spacer-inner\"><\/div>\n\t\t<\/div>\n\t\t\t\t<\/div>\n\t\t\t\t<\/div>\n\t\t\t\t<div class=\"elementor-element elementor-element-6cc40bd elementor-widget elementor-widget-heading\" data-id=\"6cc40bd\" data-element_type=\"widget\" data-widget_type=\"heading.default\">\n\t\t\t\t<div class=\"elementor-widget-container\">\n\t\t\t<h2 class=\"elementor-heading-title elementor-size-default\">Termeni si Conditii<\/h2>\t\t<\/div>\n\t\t\t\t<\/div>\n\t\t\t\t<div class=\"elementor-element elementor-element-c26d865 elementor-widget elementor-widget-text-editor\" data-id=\"c26d865\" data-element_type=\"widget\" data-widget_type=\"text-editor.default\">\n\t\t\t\t<div class=\"elementor-widget-container\">\n\t\t\t\t\t<div class=\"elementor-text-editor elementor-clearfix\"><div class=\"grve-column wpb_column grve-column-2-3\">\n<h2>&nbsp;<\/h2>\n<div>\n<p><span style=\"text-decoration: underline;\"><strong>Eligibilitate pentru terapie<\/strong><\/span><\/p>\n<\/div>\n<div id=\"elementor-tab-content-6621\" class=\"elementor-tab-content elementor-clearfix elementor-active\" role=\"tabpanel\" data-tab=\"1\" aria-labelledby=\"elementor-tab-title-6621\">\n<p>* <strong>NU<\/strong> esti eligibil pentru o sedinta DACA:<\/p>\n<ul>\n<li>Ai sub 18 ani ( trebuie consimtamantul parintilor)<\/li>\n<li>Ai tendinte suicidale<\/li>\n<li>Esti sub influenta alcoolului sau drogurilor inainte sau in timpul sedintei<\/li>\n<li>Esti sub supravegherea unui psihiatru sau suferi de orice afec\u021biune psihiatric\u0103, boal\u0103 psihologic\u0103 sau epilepsie diagnosticat\u0103.<\/li>\n<\/ul>\n<\/div>\n<div class=\"grve-column-wrapper vc_custom_1529930738647\">\n<div class=\"grve-element grve-text\">\n<p><span style=\"text-decoration: underline;\"><strong>Rambursari<\/strong><\/span><\/p>\n<p class=\"translation-block\">Pentru <strong><a href=\"https:\/\/hypnoticoaching.com\/ro\/produs\/single-session\/\" target=\"_self\">sesiuni individuale<\/a>, <\/strong>toate \u0219edin\u021bele sunt <strong>reambursabile doar cu dou\u0103 zile (48 h) \u00eenainte de programare.\u00a0<\/strong>.<\/p>\n<p>Pute\u021bi fi reprogramat \u00een cazul \u00een care nu pute\u021bi ajunge la ora sau data program\u0103rii ini\u021biale.<\/p>\n<p><span style=\"text-decoration: underline;\"><strong>Politica de Anulare<\/strong><\/span><\/p>\n<p class=\"translation-block\">Dac\u0103 trebuie s\u0103 anula\u021bi o programare, v\u0103 rog s\u0103 respecta\u021bi angajamentele de timp \u0219i pe ceilal\u021bi clien\u021bi, prin <strong>anularea cu cel pu\u021bin 48 de ore \u00eenainte de \u0219edin\u021b\u0103<\/strong>. Acest lucru le ofer\u0103 altor clien\u021bi posibilitatea de a v\u0103 ocupa intervalul orar.<\/p>\n<p>Odat\u0103 ce a\u021bi anulat, pute\u021bi reprograma sesiunea c\u00e2t mai cur\u00e2nd posibil, dar v\u0103 rug\u0103m s\u0103 \u00eencerca\u021bi s\u0103 v\u0103 programa\u021bi la o dat\u0103 foarte apropiat\u0103 de data la care a\u021bi anulat (astfel \u00eenc\u00e2t s\u0103 ne p\u0103str\u0103m regularitatea \u0219i progresul \u00eentr-un mod constant).<\/p>\n<p><span style=\"text-decoration: underline;\"><strong>Confidentialitate<\/strong><\/span><\/p>\n<p>Respect codul etic strict \u00een ceea ce prive\u0219te confiden\u021bialitatea clientului \u0219i a pacientului. Ceea ce discut\u0103m \u00een cadrul \u0219edin\u021belor noastre r\u0103m\u00e2ne \u00eentre noi.<\/p>\n<p><span style=\"text-decoration: underline;\"><strong>Conditii Legale<\/strong><\/span><\/p>\n<p class=\"translation-block\">Prin achizi\u021bionarea serviciilor de coaching sau a sedintelor de hipnoz\u0103,<b> confirma\u021bi c\u0103 a\u021bi citit \u0219i a\u021bi fost de acord cu fiecare declara\u021bie \u0219i c\u0103 dori\u021bi s\u0103 continua\u021bi.<\/b><\/p>\n<ul>\n<li style=\"list-style-type: none;\">\n<ul>\n<li class=\"translation-block\">\u00cen\u021beleg c\u0103 trebuie s\u0103 completez \u0219i s\u0103 trimit <a href=\"https:\/\/hypnoticoaching.com\/ro\/consultation-forms\/\" target=\"_self\" rel=\"noopener\"><strong>Formulare de consulta\u021bie<\/strong><\/a> \u00eenainte de programarea noastr\u0103 \u0219i c\u0103 toate informa\u021biile pe care le furnizez sunt corecte \u0219i adev\u0103rate.<\/li>\n<\/ul>\n<\/li>\n<\/ul>\n<ul>\n<li>\u00cen\u021beleg c\u0103 serviciile de coaching \u0219i hipnoz\u0103 pe care le voi primi de la psihologul meu nu sunt oferite ca un substitut pentru \u00eengrijirea medical\u0103 sau de s\u0103n\u0103tate mintal\u0103 profesional\u0103 \u0219i nu sunt destinate s\u0103 diagnosticheze, s\u0103 trateze sau s\u0103 vindece orice afec\u021biune medical\u0103 sau de s\u0103n\u0103tate mintal\u0103. De asemenea, \u00een\u021beleg c\u0103 psihologul meu nu ac\u021bioneaz\u0103 ca un consilier de s\u0103n\u0103tate mintal\u0103 sau ca un profesionist medical.<\/li>\n<\/ul>\n<ul>\n<li>&nbsp;\u00cen\u021beleg c\u0103, \u00een toate scopurile legale, serviciile prestate de terapeutul meu vor fi considerate ca fiind prestate din orice loca\u021bie la distan\u021b\u0103 din \u00eentreaga lume \u0219i\/sau \u00eentr-un mediu virtual, prin Skype sau Zoom.<\/li>\n<\/ul>\n<ul>\n<li>\u00cen\u021beleg \u0219i sunt de acord c\u0103 sunt pe deplin responsabil pentru bun\u0103starea mea \u00een timpul \u0219edin\u021belor de coaching \u0219i hipnoz\u0103 \u0219i ulterior, inclusiv pentru alegerile \u0219i deciziile mele.<\/li>\n<\/ul>\n<ul>\n<li style=\"list-style-type: none;\">\n<ul>\n<li>\u00cen\u021beleg ca hipnoza si coaching-ul nu reprezint\u0103 un substitut pentru psihoterapie, psihanaliz\u0103, \u00eengrijire de s\u0103n\u0103tate mintal\u0103 sau tratament pentru abuz de substan\u021be.<\/li>\n<\/ul>\n<\/li>\n<\/ul>\n<ul>\n<li>\u00cen\u021beleg c\u0103 utilizarea tehnologiei nu este \u00eentotdeauna sigur\u0103 \u0219i accept riscurile de confiden\u021bialitate \u00een ceea ce prive\u0219te utilizarea e-mailului, a mesajelor text, a telefonului, a Skype, Zoom \u0219i a altor tehnologii.<\/li>\n<\/ul>\n<\/div>\n<\/div>\n<\/div>\n<div>&nbsp;<\/div><\/div>\n\t\t\t\t<\/div>\n\t\t\t\t<\/div>\n\t\t\t\t\t\t<\/div>\n\t\t\t\t\t<\/div>\n\t\t<\/div>\n\t\t\t\t\t\t\t\t<\/div>\n\t\t\t\t\t<\/div>\n\t\t<\/section>\n\t\t\t\t\t\t<\/div>\n\t\t\t\t\t\t<\/div>\n\t\t\t\t\t<\/div>","protected":false},"excerpt":{"rendered":"<p>Terms and conditions &nbsp; Suitability for online therapy You are NOT suitable for online sessions if: You are under 18 years of age (parental consent is required). You are feeling suicidal You are under the influence of alcohol or recreational drugs prior to or during our consultation. You are under the supervision of a psychiatrist &hellip;<\/p>\n<p class=\"read-more\"> <a class=\"\" href=\"https:\/\/hypnoticoaching.com\/ro\/terms-and-conditions\/\"> <span class=\"screen-reader-text\">termeni si conditii<\/span> Read More &raquo;<\/a><\/p>","protected":false},"author":1,"featured_media":0,"parent":0,"menu_order":0,"comment_status":"closed","ping_status":"closed","template":"","meta":{"footnotes":""},"class_list":["post-1497","page","type-page","status-publish","hentry"],"_links":{"self":[{"href":"https:\/\/hypnoticoaching.com\/ro\/wp-json\/wp\/v2\/pages\/1497","targetHints":{"allow":["GET"]}}],"collection":[{"href":"https:\/\/hypnoticoaching.com\/ro\/wp-json\/wp\/v2\/pages"}],"about":[{"href":"https:\/\/hypnoticoaching.com\/ro\/wp-json\/wp\/v2\/types\/page"}],"author":[{"embeddable":true,"href":"https:\/\/hypnoticoaching.com\/ro\/wp-json\/wp\/v2\/users\/1"}],"replies":[{"embeddable":true,"href":"https:\/\/hypnoticoaching.com\/ro\/wp-json\/wp\/v2\/comments?post=1497"}],"version-history":[{"count":40,"href":"https:\/\/hypnoticoaching.com\/ro\/wp-json\/wp\/v2\/pages\/1497\/revisions"}],"predecessor-version":[{"id":5123,"href":"https:\/\/hypnoticoaching.com\/ro\/wp-json\/wp\/v2\/pages\/1497\/revisions\/5123"}],"wp:attachment":[{"href":"https:\/\/hypnoticoaching.com\/ro\/wp-json\/wp\/v2\/media?parent=1497"}],"curies":[{"name":"wp","href":"https:\/\/api.w.org\/{rel}","templated":true}]}}